{"id":463,"date":"2022-02-08T19:54:40","date_gmt":"2022-02-08T19:54:40","guid":{"rendered":"https:\/\/www.asapgs.com\/opskrba-luksuznih-vila\/"},"modified":"2022-02-09T10:13:31","modified_gmt":"2022-02-09T10:13:31","slug":"opskrba-luksuznih-vila","status":"publish","type":"page","link":"https:\/\/www.asapgs.com\/hr\/opskrba-luksuznih-vila\/","title":{"rendered":"Opskrba luksuznih vila"},"content":{"rendered":"\t\t<div data-elementor-type=\"wp-page\" data-elementor-id=\"463\" class=\"elementor elementor-463 elementor-156\" data-elementor-post-type=\"page\">\n\t\t\t\t\t\t<section class=\"elementor-section elementor-top-section elementor-element elementor-element-747a03fe elementor-section-height-min-height elementor-section-boxed elementor-section-height-default elementor-section-items-middle\" data-id=\"747a03fe\" data-element_type=\"section\" data-e-type=\"section\" data-settings=\"{&quot;background_background&quot;:&quot;classic&quot;}\">\n\t\t\t\t\t\t<div class=\"elementor-container elementor-column-gap-default\">\n\t\t\t\t\t<div class=\"elementor-column elementor-col-100 elementor-top-column elementor-element elementor-element-dbd6475\" data-id=\"dbd6475\" data-element_type=\"column\" data-e-type=\"column\">\n\t\t\t<div class=\"elementor-widget-wrap elementor-element-populated\">\n\t\t\t\t\t\t<div class=\"elementor-element elementor-element-177008dc elementor-widget elementor-widget-heading\" data-id=\"177008dc\" data-element_type=\"widget\" data-e-type=\"widget\" data-widget_type=\"heading.default\">\n\t\t\t\t<div class=\"elementor-widget-container\">\n\t\t\t\t\t<h1 class=\"elementor-heading-title elementor-size-default\">Opskrba luksuznih vila<\/h1>\t\t\t\t<\/div>\n\t\t\t\t<\/div>\n\t\t\t\t\t<\/div>\n\t\t<\/div>\n\t\t\t\t\t<\/div>\n\t\t<\/section>\n\t\t\t\t<section class=\"elementor-section elementor-top-section elementor-element elementor-element-3552ff16 elementor-section-boxed elementor-section-height-default elementor-section-height-default\" data-id=\"3552ff16\" data-element_type=\"section\" data-e-type=\"section\">\n\t\t\t\t\t\t<div class=\"elementor-container elementor-column-gap-default\">\n\t\t\t\t\t<div class=\"elementor-column elementor-col-50 elementor-top-column elementor-element elementor-element-85cf018\" data-id=\"85cf018\" data-element_type=\"column\" data-e-type=\"column\">\n\t\t\t<div class=\"elementor-widget-wrap elementor-element-populated\">\n\t\t\t\t\t\t<div class=\"elementor-element elementor-element-b93294b elementor-widget elementor-widget-image\" data-id=\"b93294b\" data-element_type=\"widget\" data-e-type=\"widget\" data-widget_type=\"image.default\">\n\t\t\t\t<div class=\"elementor-widget-container\">\n\t\t\t\t\t\t\t\t\t\t\t\t\t\t\t<img fetchpriority=\"high\" decoding=\"async\" width=\"800\" height=\"533\" src=\"https:\/\/www.asapgs.com\/wp-content\/uploads\/2021\/05\/stephen-leonardi-XKIO6ZgCObo-unsplash_copy-1024x682.jpg\" class=\"attachment-large size-large wp-image-407\" alt=\"\" srcset=\"https:\/\/www.asapgs.com\/wp-content\/uploads\/2021\/05\/stephen-leonardi-XKIO6ZgCObo-unsplash_copy-1024x682.jpg 1024w, https:\/\/www.asapgs.com\/wp-content\/uploads\/2021\/05\/stephen-leonardi-XKIO6ZgCObo-unsplash_copy-300x200.jpg 300w, https:\/\/www.asapgs.com\/wp-content\/uploads\/2021\/05\/stephen-leonardi-XKIO6ZgCObo-unsplash_copy-768x512.jpg 768w, https:\/\/www.asapgs.com\/wp-content\/uploads\/2021\/05\/stephen-leonardi-XKIO6ZgCObo-unsplash_copy-1536x1024.jpg 1536w, https:\/\/www.asapgs.com\/wp-content\/uploads\/2021\/05\/stephen-leonardi-XKIO6ZgCObo-unsplash_copy.jpg 1805w\" sizes=\"(max-width: 800px) 100vw, 800px\" \/>\t\t\t\t\t\t\t\t\t\t\t\t\t\t\t<\/div>\n\t\t\t\t<\/div>\n\t\t\t\t<div class=\"elementor-element elementor-element-26ec8e8a elementor-widget elementor-widget-heading\" data-id=\"26ec8e8a\" data-element_type=\"widget\" data-e-type=\"widget\" data-widget_type=\"heading.default\">\n\t\t\t\t<div class=\"elementor-widget-container\">\n\t\t\t\t\t<h2 class=\"elementor-heading-title elementor-size-default\">OPSKRBA KU\u0106A ZA ODMOR<\/h2>\t\t\t\t<\/div>\n\t\t\t\t<\/div>\n\t\t\t\t\t<\/div>\n\t\t<\/div>\n\t\t\t\t<div class=\"elementor-column elementor-col-50 elementor-top-column elementor-element elementor-element-4f7ee90f\" data-id=\"4f7ee90f\" data-element_type=\"column\" data-e-type=\"column\">\n\t\t\t<div class=\"elementor-widget-wrap elementor-element-populated\">\n\t\t\t\t\t\t<div class=\"elementor-element elementor-element-2deb7a0e elementor-widget elementor-widget-text-editor\" data-id=\"2deb7a0e\" data-element_type=\"widget\" data-e-type=\"widget\" data-widget_type=\"text-editor.default\">\n\t\t\t\t<div class=\"elementor-widget-container\">\n\t\t\t\t\t\t\t\t\t<p>Opskrba vila dio je usluge opskrbe koju nudi ASAP Adriatic. Kod nas imate sve na jednom mjestu za bezbri\u017ean odmor bez obzira gdje se nalazite. Sve s Va\u0161e liste \u017eelja nabavit \u0107emo i dostaviti izravno na Va\u0161u lokaciju. Narud\u017ebe prilago\u0111ene posebnim \u017eeljama na\u0161ih klijenata na\u0161a su specijalnost.<\/p><p>U\u0160TEDITE VRIJEME I SPRIJE\u010cITE STRES. Vjerojatno ste \u010duli za problem \u2013 savr\u0161ena ku\u0107a na savr\u0161enoj lokaciji, ali pote\u0161ko\u0107e s nabavom i isporukom namirnica. Kako osigurati da dobijete najbolje od najboljeg u pogledu hrane i pi\u0107a? Posebno odle\u017eani gove\u0111i ili riblji odrezak od svje\u017ee ulovljene tune? Sura\u0111ujemo s najboljim proizvo\u0111a\u010dima i dobavlja\u010dima kako bismo osigurali \u0161to kvalitetniju hranu i pi\u0107e.<\/p><p>BRZ ODGOVOR \u2013 S iskustvom u jahting industriji, navikli smo brzo odgovarati na upite na\u0161ih klijenata. Ako idete na odmor u zadnji \u010das, bez brige, samo po\u0161aljite upit i mi \u0107emo vas kontaktirati u najkra\u0107em mogu\u0107em roku (uglavnom unutar 24 sata). Va\u0161a \u0107e narud\u017eba biti zapakirana i, ovisno o destinaciji, spremna za isporuku zra\u010dnim, morskim ili cestovnim putem. Posebnu pa\u017enju posve\u0107ujemo pakiranju proizvoda koje ste naru\u010dili kako bi dostava bila prakti\u010dki savr\u0161ena. Bit \u0107e nam drago primiti va\u0161 upit ve\u0107 danas.<\/p>\t\t\t\t\t\t\t\t<\/div>\n\t\t\t\t<\/div>\n\t\t\t\t\t<\/div>\n\t\t<\/div>\n\t\t\t\t\t<\/div>\n\t\t<\/section>\n\t\t\t\t<\/div>\n\t\t","protected":false},"excerpt":{"rendered":"<p>Opskrba luksuznih vila OPSKRBA KU\u0106A ZA ODMOR Opskrba vila dio je usluge opskrbe koju nudi ASAP Adriatic. Kod nas imate sve na jednom mjestu za bezbri\u017ean odmor bez obzira gdje se nalazite. Sve s Va\u0161e liste \u017eelja nabavit \u0107emo i dostaviti izravno na Va\u0161u lokaciju. Narud\u017ebe prilago\u0111ene posebnim \u017eeljama na\u0161ih klijenata na\u0161a su specijalnost. U\u0160TEDITE [&hellip;]<\/p>\n","protected":false},"author":1,"featured_media":0,"parent":0,"menu_order":0,"comment_status":"closed","ping_status":"closed","template":"","meta":{"footnotes":""},"class_list":["post-463","page","type-page","status-publish","hentry"],"_links":{"self":[{"href":"https:\/\/www.asapgs.com\/hr\/wp-json\/wp\/v2\/pages\/463","targetHints":{"allow":["GET"]}}],"collection":[{"href":"https:\/\/www.asapgs.com\/hr\/wp-json\/wp\/v2\/pages"}],"about":[{"href":"https:\/\/www.asapgs.com\/hr\/wp-json\/wp\/v2\/types\/page"}],"author":[{"embeddable":true,"href":"https:\/\/www.asapgs.com\/hr\/wp-json\/wp\/v2\/users\/1"}],"replies":[{"embeddable":true,"href":"https:\/\/www.asapgs.com\/hr\/wp-json\/wp\/v2\/comments?post=463"}],"version-history":[{"count":4,"href":"https:\/\/www.asapgs.com\/hr\/wp-json\/wp\/v2\/pages\/463\/revisions"}],"predecessor-version":[{"id":490,"href":"https:\/\/www.asapgs.com\/hr\/wp-json\/wp\/v2\/pages\/463\/revisions\/490"}],"wp:attachment":[{"href":"https:\/\/www.asapgs.com\/hr\/wp-json\/wp\/v2\/media?parent=463"}],"curies":[{"name":"wp","href":"https:\/\/api.w.org\/{rel}","templated":true}]}}