{"id":459,"date":"2022-02-08T19:52:27","date_gmt":"2022-02-08T19:52:27","guid":{"rendered":"https:\/\/www.asapgs.com\/naslovna\/"},"modified":"2022-02-09T10:08:05","modified_gmt":"2022-02-09T10:08:05","slug":"naslovna","status":"publish","type":"page","link":"https:\/\/www.asapgs.com\/hr\/","title":{"rendered":"Naslovna"},"content":{"rendered":"\t\t<div data-elementor-type=\"wp-page\" data-elementor-id=\"459\" class=\"elementor elementor-459 elementor-89\" data-elementor-post-type=\"page\">\n\t\t\t\t\t\t<section class=\"elementor-section elementor-top-section elementor-element elementor-element-a8b79f7 elementor-section-full_width elementor-section-height-min-height elementor-section-height-default elementor-section-items-middle\" data-id=\"a8b79f7\" data-element_type=\"section\" data-e-type=\"section\" data-settings=\"{&quot;background_background&quot;:&quot;classic&quot;,&quot;background_motion_fx_opacity_effect&quot;:&quot;yes&quot;,&quot;background_motion_fx_opacity_range&quot;:{&quot;unit&quot;:&quot;%&quot;,&quot;size&quot;:&quot;&quot;,&quot;sizes&quot;:{&quot;start&quot;:&quot;51&quot;,&quot;end&quot;:&quot;76&quot;}},&quot;background_motion_fx_motion_fx_scrolling&quot;:&quot;yes&quot;,&quot;background_motion_fx_opacity_direction&quot;:&quot;in-out&quot;,&quot;background_motion_fx_opacity_level&quot;:{&quot;unit&quot;:&quot;px&quot;,&quot;size&quot;:10,&quot;sizes&quot;:[]},&quot;background_motion_fx_devices&quot;:[&quot;desktop&quot;,&quot;tablet&quot;,&quot;mobile&quot;]}\">\n\t\t\t\t\t\t\t<div class=\"elementor-background-overlay\"><\/div>\n\t\t\t\t\t\t\t<div class=\"elementor-container elementor-column-gap-default\">\n\t\t\t\t\t<div class=\"elementor-column elementor-col-100 elementor-top-column elementor-element elementor-element-776bb181\" data-id=\"776bb181\" data-element_type=\"column\" data-e-type=\"column\">\n\t\t\t<div class=\"elementor-widget-wrap elementor-element-populated\">\n\t\t\t\t\t\t<div class=\"elementor-element elementor-element-1a53271f elementor-widget elementor-widget-heading\" data-id=\"1a53271f\" data-element_type=\"widget\" data-e-type=\"widget\" data-widget_type=\"heading.default\">\n\t\t\t\t<div class=\"elementor-widget-container\">\n\t\t\t\t\t<h1 class=\"elementor-heading-title elementor-size-default\">GLOBALNA OPSKRBA BRODOVA<\/h1>\t\t\t\t<\/div>\n\t\t\t\t<\/div>\n\t\t\t\t<section class=\"elementor-section elementor-inner-section elementor-element elementor-element-257e3757 elementor-section-boxed elementor-section-height-default elementor-section-height-default\" data-id=\"257e3757\" data-element_type=\"section\" data-e-type=\"section\">\n\t\t\t\t\t\t<div class=\"elementor-container elementor-column-gap-default\">\n\t\t\t\t\t<div class=\"elementor-column elementor-col-100 elementor-inner-column elementor-element elementor-element-5cee89eb\" data-id=\"5cee89eb\" data-element_type=\"column\" data-e-type=\"column\">\n\t\t\t<div class=\"elementor-widget-wrap elementor-element-populated\">\n\t\t\t\t\t\t<div class=\"elementor-element elementor-element-931de6e elementor-widget elementor-widget-text-editor\" data-id=\"931de6e\" data-element_type=\"widget\" data-e-type=\"widget\" data-widget_type=\"text-editor.default\">\n\t\t\t\t<div class=\"elementor-widget-container\">\n\t\t\t\t\t\t\t\t\t<p><br \/>Asap Adriatic je renomirani dobavlja\u010d za plovila i luksuzne vile.<\/p>\t\t\t\t\t\t\t\t<\/div>\n\t\t\t\t<\/div>\n\t\t\t\t\t<\/div>\n\t\t<\/div>\n\t\t\t\t\t<\/div>\n\t\t<\/section>\n\t\t\t\t\t<\/div>\n\t\t<\/div>\n\t\t\t\t\t<\/div>\n\t\t<\/section>\n\t\t\t\t<section class=\"elementor-section elementor-top-section elementor-element elementor-element-77d5190f elementor-section-boxed elementor-section-height-default elementor-section-height-default\" data-id=\"77d5190f\" data-element_type=\"section\" data-e-type=\"section\">\n\t\t\t\t\t\t<div class=\"elementor-container elementor-column-gap-default\">\n\t\t\t\t\t<div class=\"elementor-column elementor-col-100 elementor-top-column elementor-element elementor-element-19c3277f\" data-id=\"19c3277f\" data-element_type=\"column\" data-e-type=\"column\" data-settings=\"{&quot;background_background&quot;:&quot;classic&quot;}\">\n\t\t\t<div class=\"elementor-widget-wrap\">\n\t\t\t\t\t\t\t<\/div>\n\t\t<\/div>\n\t\t\t\t\t<\/div>\n\t\t<\/section>\n\t\t\t\t<section class=\"elementor-section elementor-top-section elementor-element elementor-element-7b8fdbe3 elementor-section-boxed elementor-section-height-default elementor-section-height-default\" data-id=\"7b8fdbe3\" data-element_type=\"section\" data-e-type=\"section\">\n\t\t\t\t\t\t<div class=\"elementor-container elementor-column-gap-default\">\n\t\t\t\t\t<div class=\"elementor-column elementor-col-100 elementor-top-column elementor-element elementor-element-7584dbff\" data-id=\"7584dbff\" data-element_type=\"column\" data-e-type=\"column\">\n\t\t\t<div class=\"elementor-widget-wrap\">\n\t\t\t\t\t\t\t<\/div>\n\t\t<\/div>\n\t\t\t\t\t<\/div>\n\t\t<\/section>\n\t\t\t\t<section class=\"elementor-section elementor-top-section elementor-element elementor-element-5e289db0 elementor-section-boxed elementor-section-height-default elementor-section-height-default\" data-id=\"5e289db0\" data-element_type=\"section\" data-e-type=\"section\">\n\t\t\t\t\t\t<div class=\"elementor-container elementor-column-gap-default\">\n\t\t\t\t\t<div class=\"elementor-column elementor-col-50 elementor-top-column elementor-element elementor-element-5255a6b4\" data-id=\"5255a6b4\" data-element_type=\"column\" data-e-type=\"column\">\n\t\t\t<div class=\"elementor-widget-wrap elementor-element-populated\">\n\t\t\t\t\t\t<div class=\"elementor-element elementor-element-4471ad85 elementor-widget elementor-widget-heading\" data-id=\"4471ad85\" data-element_type=\"widget\" data-e-type=\"widget\" data-widget_type=\"heading.default\">\n\t\t\t\t<div class=\"elementor-widget-container\">\n\t\t\t\t\t<h4 class=\"elementor-heading-title elementor-size-default\">Dobrodo\u0161li na web stranicu Asap Adriatica.<\/h4>\t\t\t\t<\/div>\n\t\t\t\t<\/div>\n\t\t\t\t<div class=\"elementor-element elementor-element-1a1b10b0 elementor-widget elementor-widget-heading\" data-id=\"1a1b10b0\" data-element_type=\"widget\" data-e-type=\"widget\" data-widget_type=\"heading.default\">\n\t\t\t\t<div class=\"elementor-widget-container\">\n\t\t\t\t\t<h2 class=\"elementor-heading-title elementor-size-default\">ASAP Adriatic<\/h2>\t\t\t\t<\/div>\n\t\t\t\t<\/div>\n\t\t\t\t\t<\/div>\n\t\t<\/div>\n\t\t\t\t<div class=\"elementor-column elementor-col-50 elementor-top-column elementor-element elementor-element-4ed74eb\" data-id=\"4ed74eb\" data-element_type=\"column\" data-e-type=\"column\">\n\t\t\t<div class=\"elementor-widget-wrap elementor-element-populated\">\n\t\t\t\t\t\t<div class=\"elementor-element elementor-element-6f12cb14 elementor-widget elementor-widget-text-editor\" data-id=\"6f12cb14\" data-element_type=\"widget\" data-e-type=\"widget\" data-widget_type=\"text-editor.default\">\n\t\t\t\t<div class=\"elementor-widget-container\">\n\t\t\t\t\t\t\t\t\t<p>Na\u0161u strast prema ovom poslu pokre\u0107e istinski u\u017eitak \u2013 u hrani, pi\u0107u, vrhunskoj zabavi i luksuzu. U kombinaciji s dalmatinskom gastronomskom i kulturnom ba\u0161tinom i mladena\u010dkim duhom na\u0161eg stru\u010dnog tima, mo\u017eete biti sigurni da je ASAP Adriatic najbolje mjesto za sve va\u0161e potrebe.<\/p><p>\u017delite li provesti nezaboravno putovanje, u\u017eivati \u200b\u200bu opu\u0161tanju tijekom odmora i do\u017eivjeti jedinstveno iskustvo, isprobajte ne\u0161to novo i slobodno nam se obratite s povjerenjem.<br \/>Tu smo za vas 24\/7<\/p>\t\t\t\t\t\t\t\t<\/div>\n\t\t\t\t<\/div>\n\t\t\t\t\t<\/div>\n\t\t<\/div>\n\t\t\t\t\t<\/div>\n\t\t<\/section>\n\t\t\t\t<section class=\"elementor-section elementor-top-section elementor-element elementor-element-3707de6 elementor-section-height-min-height elementor-section-items-top elementor-section-boxed elementor-section-height-default\" data-id=\"3707de6\" data-element_type=\"section\" data-e-type=\"section\" data-settings=\"{&quot;background_background&quot;:&quot;classic&quot;}\">\n\t\t\t\t\t\t\t<div class=\"elementor-background-overlay\"><\/div>\n\t\t\t\t\t\t\t<div class=\"elementor-container elementor-column-gap-default\">\n\t\t\t\t\t<div class=\"elementor-column elementor-col-100 elementor-top-column elementor-element elementor-element-3c4164f2\" data-id=\"3c4164f2\" data-element_type=\"column\" data-e-type=\"column\">\n\t\t\t<div class=\"elementor-widget-wrap elementor-element-populated\">\n\t\t\t\t\t\t<div class=\"elementor-element elementor-element-10c6d9c9 elementor-widget elementor-widget-heading\" data-id=\"10c6d9c9\" data-element_type=\"widget\" data-e-type=\"widget\" data-widget_type=\"heading.default\">\n\t\t\t\t<div class=\"elementor-widget-container\">\n\t\t\t\t\t<h2 class=\"elementor-heading-title elementor-size-default\">Na\u0161a misija i garancija je da na\u0161im klijentima pru\u017eimo kvalitetne proizvode.<\/h2>\t\t\t\t<\/div>\n\t\t\t\t<\/div>\n\t\t\t\t<div class=\"elementor-element elementor-element-29fe030f elementor-widget elementor-widget-text-editor\" data-id=\"29fe030f\" data-element_type=\"widget\" data-e-type=\"widget\" data-widget_type=\"text-editor.default\">\n\t\t\t\t<div class=\"elementor-widget-container\">\n\t\t\t\t\t\t\t\t\t<p>Posve\u0107eni smo pru\u017eanju usluga i proizvoda po mjeri svim na\u0161im klijentima kako bismo zadovoljili sve njihove \u017eelje.<\/p>\t\t\t\t\t\t\t\t<\/div>\n\t\t\t\t<\/div>\n\t\t\t\t\t<\/div>\n\t\t<\/div>\n\t\t\t\t\t<\/div>\n\t\t<\/section>\n\t\t\t\t<section class=\"elementor-section elementor-top-section elementor-element elementor-element-df9fc9d elementor-section-boxed elementor-section-height-default elementor-section-height-default\" data-id=\"df9fc9d\" data-element_type=\"section\" data-e-type=\"section\">\n\t\t\t\t\t\t<div class=\"elementor-container elementor-column-gap-default\">\n\t\t\t\t\t<div class=\"elementor-column elementor-col-100 elementor-top-column elementor-element elementor-element-dc1cbbf\" data-id=\"dc1cbbf\" data-element_type=\"column\" data-e-type=\"column\">\n\t\t\t<div class=\"elementor-widget-wrap elementor-element-populated\">\n\t\t\t\t\t\t<div class=\"elementor-element elementor-element-e499b3c elementor-widget elementor-widget-gallery\" data-id=\"e499b3c\" data-element_type=\"widget\" data-e-type=\"widget\" data-settings=\"{&quot;lazyload&quot;:&quot;yes&quot;,&quot;gallery_layout&quot;:&quot;grid&quot;,&quot;columns&quot;:4,&quot;columns_tablet&quot;:2,&quot;columns_mobile&quot;:1,&quot;gap&quot;:{&quot;unit&quot;:&quot;px&quot;,&quot;size&quot;:10,&quot;sizes&quot;:[]},&quot;gap_tablet&quot;:{&quot;unit&quot;:&quot;px&quot;,&quot;size&quot;:10,&quot;sizes&quot;:[]},&quot;gap_mobile&quot;:{&quot;unit&quot;:&quot;px&quot;,&quot;size&quot;:10,&quot;sizes&quot;:[]},&quot;link_to&quot;:&quot;file&quot;,&quot;aspect_ratio&quot;:&quot;3:2&quot;,&quot;overlay_background&quot;:&quot;yes&quot;,&quot;content_hover_animation&quot;:&quot;fade-in&quot;}\" data-widget_type=\"gallery.default\">\n\t\t\t\t<div class=\"elementor-widget-container\">\n\t\t\t\t\t\t\t<div class=\"elementor-gallery__container\">\n\t\t\t\t\t\t\t<a class=\"e-gallery-item elementor-gallery-item elementor-animated-content\" href=\"https:\/\/www.asapgs.com\/wp-content\/uploads\/2021\/05\/arno-senoner-poLWL6CTGiE-unsplash_copy.jpg\" data-elementor-open-lightbox=\"yes\" data-elementor-lightbox-slideshow=\"e499b3c\" data-elementor-lightbox-title=\"arno-senoner-poLWL6CTGiE-unsplash_copy\" data-e-action-hash=\"#elementor-action%3Aaction%3Dlightbox%26settings%3DeyJpZCI6MzUzLCJ1cmwiOiJodHRwczpcL1wvd3d3LmFzYXBncy5jb21cL3dwLWNvbnRlbnRcL3VwbG9hZHNcLzIwMjFcLzA1XC9hcm5vLXNlbm9uZXItcG9MV0w2Q1RHaUUtdW5zcGxhc2hfY29weS5qcGciLCJzbGlkZXNob3ciOiJlNDk5YjNjIn0%3D\">\n\t\t\t\t\t<div class=\"e-gallery-image elementor-gallery-item__image\" data-thumbnail=\"https:\/\/www.asapgs.com\/wp-content\/uploads\/2021\/05\/arno-senoner-poLWL6CTGiE-unsplash_copy-300x200.jpg\" data-width=\"300\" data-height=\"200\" aria-label=\"\" role=\"img\" ><\/div>\n\t\t\t\t\t\t\t\t\t\t\t<div class=\"elementor-gallery-item__overlay\"><\/div>\n\t\t\t\t\t\t\t\t\t\t\t\t\t\t<\/a>\n\t\t\t\t\t\t\t<a class=\"e-gallery-item elementor-gallery-item elementor-animated-content\" href=\"https:\/\/www.asapgs.com\/wp-content\/uploads\/2021\/05\/arno-senoner-JSjdBEAJnCc-unsplash_copy.jpg\" data-elementor-open-lightbox=\"yes\" data-elementor-lightbox-slideshow=\"e499b3c\" data-elementor-lightbox-title=\"arno-senoner-JSjdBEAJnCc-unsplash_copy\" data-e-action-hash=\"#elementor-action%3Aaction%3Dlightbox%26settings%3DeyJpZCI6MzI3LCJ1cmwiOiJodHRwczpcL1wvd3d3LmFzYXBncy5jb21cL3dwLWNvbnRlbnRcL3VwbG9hZHNcLzIwMjFcLzA1XC9hcm5vLXNlbm9uZXItSlNqZEJFQUpuQ2MtdW5zcGxhc2hfY29weS5qcGciLCJzbGlkZXNob3ciOiJlNDk5YjNjIn0%3D\">\n\t\t\t\t\t<div class=\"e-gallery-image elementor-gallery-item__image\" data-thumbnail=\"https:\/\/www.asapgs.com\/wp-content\/uploads\/2021\/05\/arno-senoner-JSjdBEAJnCc-unsplash_copy-300x200.jpg\" data-width=\"300\" data-height=\"200\" aria-label=\"\" role=\"img\" ><\/div>\n\t\t\t\t\t\t\t\t\t\t\t<div class=\"elementor-gallery-item__overlay\"><\/div>\n\t\t\t\t\t\t\t\t\t\t\t\t\t\t<\/a>\n\t\t\t\t\t\t\t<a class=\"e-gallery-item elementor-gallery-item elementor-animated-content\" href=\"https:\/\/www.asapgs.com\/wp-content\/uploads\/2021\/05\/sachin-dogra-zhubWCRUj28-unsplash_copy.jpg\" data-elementor-open-lightbox=\"yes\" data-elementor-lightbox-slideshow=\"e499b3c\" data-elementor-lightbox-title=\"sachin-dogra-zhubWCRUj28-unsplash_copy\" data-e-action-hash=\"#elementor-action%3Aaction%3Dlightbox%26settings%3DeyJpZCI6MzY5LCJ1cmwiOiJodHRwczpcL1wvd3d3LmFzYXBncy5jb21cL3dwLWNvbnRlbnRcL3VwbG9hZHNcLzIwMjFcLzA1XC9zYWNoaW4tZG9ncmEtemh1YldDUlVqMjgtdW5zcGxhc2hfY29weS5qcGciLCJzbGlkZXNob3ciOiJlNDk5YjNjIn0%3D\">\n\t\t\t\t\t<div class=\"e-gallery-image elementor-gallery-item__image\" data-thumbnail=\"https:\/\/www.asapgs.com\/wp-content\/uploads\/2021\/05\/sachin-dogra-zhubWCRUj28-unsplash_copy-300x200.jpg\" data-width=\"300\" data-height=\"200\" aria-label=\"\" role=\"img\" ><\/div>\n\t\t\t\t\t\t\t\t\t\t\t<div class=\"elementor-gallery-item__overlay\"><\/div>\n\t\t\t\t\t\t\t\t\t\t\t\t\t\t<\/a>\n\t\t\t\t\t\t\t<a class=\"e-gallery-item elementor-gallery-item elementor-animated-content\" href=\"https:\/\/www.asapgs.com\/wp-content\/uploads\/2021\/05\/redcharlie-QFlD2f7E0i4-unsplash_copy.jpg\" data-elementor-open-lightbox=\"yes\" data-elementor-lightbox-slideshow=\"e499b3c\" data-elementor-lightbox-title=\"redcharlie-QFlD2f7E0i4-unsplash_copy\" data-e-action-hash=\"#elementor-action%3Aaction%3Dlightbox%26settings%3DeyJpZCI6MzQ3LCJ1cmwiOiJodHRwczpcL1wvd3d3LmFzYXBncy5jb21cL3dwLWNvbnRlbnRcL3VwbG9hZHNcLzIwMjFcLzA1XC9yZWRjaGFybGllLVFGbEQyZjdFMGk0LXVuc3BsYXNoX2NvcHkuanBnIiwic2xpZGVzaG93IjoiZTQ5OWIzYyJ9\">\n\t\t\t\t\t<div class=\"e-gallery-image elementor-gallery-item__image\" data-thumbnail=\"https:\/\/www.asapgs.com\/wp-content\/uploads\/2021\/05\/redcharlie-QFlD2f7E0i4-unsplash_copy-300x195.jpg\" data-width=\"300\" data-height=\"195\" aria-label=\"\" role=\"img\" ><\/div>\n\t\t\t\t\t\t\t\t\t\t\t<div class=\"elementor-gallery-item__overlay\"><\/div>\n\t\t\t\t\t\t\t\t\t\t\t\t\t\t<\/a>\n\t\t\t\t\t\t\t<a class=\"e-gallery-item elementor-gallery-item elementor-animated-content\" href=\"https:\/\/www.asapgs.com\/wp-content\/uploads\/2021\/05\/viktor-ritsvall-FWJinfDsIn8-unsplash_copy.jpg\" data-elementor-open-lightbox=\"yes\" data-elementor-lightbox-slideshow=\"e499b3c\" data-elementor-lightbox-title=\"viktor-ritsvall-FWJinfDsIn8-unsplash_copy\" data-e-action-hash=\"#elementor-action%3Aaction%3Dlightbox%26settings%3DeyJpZCI6MzM1LCJ1cmwiOiJodHRwczpcL1wvd3d3LmFzYXBncy5jb21cL3dwLWNvbnRlbnRcL3VwbG9hZHNcLzIwMjFcLzA1XC92aWt0b3Itcml0c3ZhbGwtRldKaW5mRHNJbjgtdW5zcGxhc2hfY29weS5qcGciLCJzbGlkZXNob3ciOiJlNDk5YjNjIn0%3D\">\n\t\t\t\t\t<div class=\"e-gallery-image elementor-gallery-item__image\" data-thumbnail=\"https:\/\/www.asapgs.com\/wp-content\/uploads\/2021\/05\/viktor-ritsvall-FWJinfDsIn8-unsplash_copy-300x199.jpg\" data-width=\"300\" data-height=\"199\" aria-label=\"\" role=\"img\" ><\/div>\n\t\t\t\t\t\t\t\t\t\t\t<div class=\"elementor-gallery-item__overlay\"><\/div>\n\t\t\t\t\t\t\t\t\t\t\t\t\t\t<\/a>\n\t\t\t\t\t\t\t<a class=\"e-gallery-item elementor-gallery-item elementor-animated-content\" href=\"https:\/\/www.asapgs.com\/wp-content\/uploads\/2021\/05\/nazar-haponov-ajb26vfpzdU-unsplash_copy.jpg\" data-elementor-open-lightbox=\"yes\" data-elementor-lightbox-slideshow=\"e499b3c\" data-elementor-lightbox-title=\"nazar-haponov-ajb26vfpzdU-unsplash_copy\" data-e-action-hash=\"#elementor-action%3Aaction%3Dlightbox%26settings%3DeyJpZCI6MzM3LCJ1cmwiOiJodHRwczpcL1wvd3d3LmFzYXBncy5jb21cL3dwLWNvbnRlbnRcL3VwbG9hZHNcLzIwMjFcLzA1XC9uYXphci1oYXBvbm92LWFqYjI2dmZwemRVLXVuc3BsYXNoX2NvcHkuanBnIiwic2xpZGVzaG93IjoiZTQ5OWIzYyJ9\">\n\t\t\t\t\t<div class=\"e-gallery-image elementor-gallery-item__image\" data-thumbnail=\"https:\/\/www.asapgs.com\/wp-content\/uploads\/2021\/05\/nazar-haponov-ajb26vfpzdU-unsplash_copy-300x199.jpg\" data-width=\"300\" data-height=\"199\" aria-label=\"\" role=\"img\" ><\/div>\n\t\t\t\t\t\t\t\t\t\t\t<div class=\"elementor-gallery-item__overlay\"><\/div>\n\t\t\t\t\t\t\t\t\t\t\t\t\t\t<\/a>\n\t\t\t\t\t\t\t<a class=\"e-gallery-item elementor-gallery-item elementor-animated-content\" href=\"https:\/\/www.asapgs.com\/wp-content\/uploads\/2021\/05\/redcharlie-h2_OMqGcAHU-unsplash_copy.jpg\" data-elementor-open-lightbox=\"yes\" data-elementor-lightbox-slideshow=\"e499b3c\" data-elementor-lightbox-title=\"redcharlie-h2_OMqGcAHU-unsplash_copy\" data-e-action-hash=\"#elementor-action%3Aaction%3Dlightbox%26settings%3DeyJpZCI6MzMzLCJ1cmwiOiJodHRwczpcL1wvd3d3LmFzYXBncy5jb21cL3dwLWNvbnRlbnRcL3VwbG9hZHNcLzIwMjFcLzA1XC9yZWRjaGFybGllLWgyX09NcUdjQUhVLXVuc3BsYXNoX2NvcHkuanBnIiwic2xpZGVzaG93IjoiZTQ5OWIzYyJ9\">\n\t\t\t\t\t<div class=\"e-gallery-image elementor-gallery-item__image\" data-thumbnail=\"https:\/\/www.asapgs.com\/wp-content\/uploads\/2021\/05\/redcharlie-h2_OMqGcAHU-unsplash_copy-300x182.jpg\" data-width=\"300\" data-height=\"182\" aria-label=\"\" role=\"img\" ><\/div>\n\t\t\t\t\t\t\t\t\t\t\t<div class=\"elementor-gallery-item__overlay\"><\/div>\n\t\t\t\t\t\t\t\t\t\t\t\t\t\t<\/a>\n\t\t\t\t\t\t\t<a class=\"e-gallery-item elementor-gallery-item elementor-animated-content\" href=\"https:\/\/www.asapgs.com\/wp-content\/uploads\/2021\/05\/herry-sutanto-U8y_HV3mJTw-unsplash_copy.jpg\" data-elementor-open-lightbox=\"yes\" data-elementor-lightbox-slideshow=\"e499b3c\" data-elementor-lightbox-title=\"herry-sutanto-U8y_HV3mJTw-unsplash_copy\" data-e-action-hash=\"#elementor-action%3Aaction%3Dlightbox%26settings%3DeyJpZCI6MzMxLCJ1cmwiOiJodHRwczpcL1wvd3d3LmFzYXBncy5jb21cL3dwLWNvbnRlbnRcL3VwbG9hZHNcLzIwMjFcLzA1XC9oZXJyeS1zdXRhbnRvLVU4eV9IVjNtSlR3LXVuc3BsYXNoX2NvcHkuanBnIiwic2xpZGVzaG93IjoiZTQ5OWIzYyJ9\">\n\t\t\t\t\t<div class=\"e-gallery-image elementor-gallery-item__image\" data-thumbnail=\"https:\/\/www.asapgs.com\/wp-content\/uploads\/2021\/05\/herry-sutanto-U8y_HV3mJTw-unsplash_copy-300x200.jpg\" data-width=\"300\" data-height=\"200\" aria-label=\"\" role=\"img\" ><\/div>\n\t\t\t\t\t\t\t\t\t\t\t<div class=\"elementor-gallery-item__overlay\"><\/div>\n\t\t\t\t\t\t\t\t\t\t\t\t\t\t<\/a>\n\t\t\t\t\t\t\t<a class=\"e-gallery-item elementor-gallery-item elementor-animated-content\" href=\"https:\/\/www.asapgs.com\/wp-content\/uploads\/2021\/05\/maksym-kaharlytskyi-3uJt73tr4hI-unsplash_copy.jpg\" data-elementor-open-lightbox=\"yes\" data-elementor-lightbox-slideshow=\"e499b3c\" data-elementor-lightbox-title=\"maksym-kaharlytskyi-3uJt73tr4hI-unsplash_copy\" data-e-action-hash=\"#elementor-action%3Aaction%3Dlightbox%26settings%3DeyJpZCI6MzkxLCJ1cmwiOiJodHRwczpcL1wvd3d3LmFzYXBncy5jb21cL3dwLWNvbnRlbnRcL3VwbG9hZHNcLzIwMjFcLzA1XC9tYWtzeW0ta2FoYXJseXRza3lpLTN1SnQ3M3RyNGhJLXVuc3BsYXNoX2NvcHkuanBnIiwic2xpZGVzaG93IjoiZTQ5OWIzYyJ9\">\n\t\t\t\t\t<div class=\"e-gallery-image elementor-gallery-item__image\" data-thumbnail=\"https:\/\/www.asapgs.com\/wp-content\/uploads\/2021\/05\/maksym-kaharlytskyi-3uJt73tr4hI-unsplash_copy-300x200.jpg\" data-width=\"300\" data-height=\"200\" aria-label=\"\" role=\"img\" ><\/div>\n\t\t\t\t\t\t\t\t\t\t\t<div class=\"elementor-gallery-item__overlay\"><\/div>\n\t\t\t\t\t\t\t\t\t\t\t\t\t\t<\/a>\n\t\t\t\t\t\t\t<a class=\"e-gallery-item elementor-gallery-item elementor-animated-content\" href=\"https:\/\/www.asapgs.com\/wp-content\/uploads\/2021\/05\/chris-leipelt-6w_dYdazo20-unsplash_copy.jpg\" data-elementor-open-lightbox=\"yes\" data-elementor-lightbox-slideshow=\"e499b3c\" data-elementor-lightbox-title=\"chris-leipelt-6w_dYdazo20-unsplash_copy\" data-e-action-hash=\"#elementor-action%3Aaction%3Dlightbox%26settings%3DeyJpZCI6NDA1LCJ1cmwiOiJodHRwczpcL1wvd3d3LmFzYXBncy5jb21cL3dwLWNvbnRlbnRcL3VwbG9hZHNcLzIwMjFcLzA1XC9jaHJpcy1sZWlwZWx0LTZ3X2RZZGF6bzIwLXVuc3BsYXNoX2NvcHkuanBnIiwic2xpZGVzaG93IjoiZTQ5OWIzYyJ9\">\n\t\t\t\t\t<div class=\"e-gallery-image elementor-gallery-item__image\" data-thumbnail=\"https:\/\/www.asapgs.com\/wp-content\/uploads\/2021\/05\/chris-leipelt-6w_dYdazo20-unsplash_copy-300x192.jpg\" data-width=\"300\" data-height=\"192\" aria-label=\"\" role=\"img\" ><\/div>\n\t\t\t\t\t\t\t\t\t\t\t<div class=\"elementor-gallery-item__overlay\"><\/div>\n\t\t\t\t\t\t\t\t\t\t\t\t\t\t<\/a>\n\t\t\t\t\t\t\t<a class=\"e-gallery-item elementor-gallery-item elementor-animated-content\" href=\"https:\/\/www.asapgs.com\/wp-content\/uploads\/2021\/05\/stephen-leonardi-XKIO6ZgCObo-unsplash_copy.jpg\" data-elementor-open-lightbox=\"yes\" data-elementor-lightbox-slideshow=\"e499b3c\" data-elementor-lightbox-title=\"stephen-leonardi-XKIO6ZgCObo-unsplash_copy\" data-e-action-hash=\"#elementor-action%3Aaction%3Dlightbox%26settings%3DeyJpZCI6NDA3LCJ1cmwiOiJodHRwczpcL1wvd3d3LmFzYXBncy5jb21cL3dwLWNvbnRlbnRcL3VwbG9hZHNcLzIwMjFcLzA1XC9zdGVwaGVuLWxlb25hcmRpLVhLSU82WmdDT2JvLXVuc3BsYXNoX2NvcHkuanBnIiwic2xpZGVzaG93IjoiZTQ5OWIzYyJ9\">\n\t\t\t\t\t<div class=\"e-gallery-image elementor-gallery-item__image\" data-thumbnail=\"https:\/\/www.asapgs.com\/wp-content\/uploads\/2021\/05\/stephen-leonardi-XKIO6ZgCObo-unsplash_copy-300x200.jpg\" data-width=\"300\" data-height=\"200\" aria-label=\"\" role=\"img\" ><\/div>\n\t\t\t\t\t\t\t\t\t\t\t<div class=\"elementor-gallery-item__overlay\"><\/div>\n\t\t\t\t\t\t\t\t\t\t\t\t\t\t<\/a>\n\t\t\t\t\t\t\t<a class=\"e-gallery-item elementor-gallery-item elementor-animated-content\" href=\"https:\/\/www.asapgs.com\/wp-content\/uploads\/2021\/05\/egor-myznik-97QVuzn7MUo-unsplash_copy.jpg\" data-elementor-open-lightbox=\"yes\" data-elementor-lightbox-slideshow=\"e499b3c\" data-elementor-lightbox-title=\"egor-myznik-97QVuzn7MUo-unsplash_copy\" data-e-action-hash=\"#elementor-action%3Aaction%3Dlightbox%26settings%3DeyJpZCI6NDAxLCJ1cmwiOiJodHRwczpcL1wvd3d3LmFzYXBncy5jb21cL3dwLWNvbnRlbnRcL3VwbG9hZHNcLzIwMjFcLzA1XC9lZ29yLW15em5pay05N1FWdXpuN01Vby11bnNwbGFzaF9jb3B5LmpwZyIsInNsaWRlc2hvdyI6ImU0OTliM2MifQ%3D%3D\">\n\t\t\t\t\t<div class=\"e-gallery-image elementor-gallery-item__image\" data-thumbnail=\"https:\/\/www.asapgs.com\/wp-content\/uploads\/2021\/05\/egor-myznik-97QVuzn7MUo-unsplash_copy-300x200.jpg\" data-width=\"300\" data-height=\"200\" aria-label=\"\" role=\"img\" ><\/div>\n\t\t\t\t\t\t\t\t\t\t\t<div class=\"elementor-gallery-item__overlay\"><\/div>\n\t\t\t\t\t\t\t\t\t\t\t\t\t\t<\/a>\n\t\t\t\t\t<\/div>\n\t\t\t\t\t<\/div>\n\t\t\t\t<\/div>\n\t\t\t\t\t<\/div>\n\t\t<\/div>\n\t\t\t\t\t<\/div>\n\t\t<\/section>\n\t\t\t\t<\/div>\n\t\t","protected":false},"excerpt":{"rendered":"<p>GLOBALNA OPSKRBA BRODOVA Asap Adriatic je renomirani dobavlja\u010d za plovila i luksuzne vile. Dobrodo\u0161li na web stranicu Asap Adriatica. ASAP Adriatic Na\u0161u strast prema ovom poslu pokre\u0107e istinski u\u017eitak \u2013 u hrani, pi\u0107u, vrhunskoj zabavi i luksuzu. U kombinaciji s dalmatinskom gastronomskom i kulturnom ba\u0161tinom i mladena\u010dkim duhom na\u0161eg stru\u010dnog tima, mo\u017eete biti sigurni da [&hellip;]<\/p>\n","protected":false},"author":1,"featured_media":0,"parent":0,"menu_order":0,"comment_status":"closed","ping_status":"closed","template":"","meta":{"footnotes":""},"class_list":["post-459","page","type-page","status-publish","hentry"],"_links":{"self":[{"href":"https:\/\/www.asapgs.com\/hr\/wp-json\/wp\/v2\/pages\/459","targetHints":{"allow":["GET"]}}],"collection":[{"href":"https:\/\/www.asapgs.com\/hr\/wp-json\/wp\/v2\/pages"}],"about":[{"href":"https:\/\/www.asapgs.com\/hr\/wp-json\/wp\/v2\/types\/page"}],"author":[{"embeddable":true,"href":"https:\/\/www.asapgs.com\/hr\/wp-json\/wp\/v2\/users\/1"}],"replies":[{"embeddable":true,"href":"https:\/\/www.asapgs.com\/hr\/wp-json\/wp\/v2\/comments?post=459"}],"version-history":[{"count":4,"href":"https:\/\/www.asapgs.com\/hr\/wp-json\/wp\/v2\/pages\/459\/revisions"}],"predecessor-version":[{"id":481,"href":"https:\/\/www.asapgs.com\/hr\/wp-json\/wp\/v2\/pages\/459\/revisions\/481"}],"wp:attachment":[{"href":"https:\/\/www.asapgs.com\/hr\/wp-json\/wp\/v2\/media?parent=459"}],"curies":[{"name":"wp","href":"https:\/\/api.w.org\/{rel}","templated":true}]}}